{"id":26,"date":"2018-02-24T18:18:46","date_gmt":"2018-02-24T18:18:46","guid":{"rendered":"http:\/\/derfahrradfachmann.de\/?page_id=26"},"modified":"2026-03-03T16:21:24","modified_gmt":"2026-03-03T15:21:24","slug":"cityrad","status":"publish","type":"page","link":"https:\/\/derfahrradfachmann.de\/?page_id=26","title":{"rendered":"Cityrad"},"content":{"rendered":"\n<p>Sie finden bei mir folgende bequeme, zuverl\u00e4ssige und ganzjahres-allwettertaugliche Cityr\u00e4der von hoher Qualit\u00e4t.<\/p>\n\n\n\n<hr class=\"wp-block-separator has-alpha-channel-opacity is-style-wide\"\/>\n\n\n\n<figure class=\"wp-block-image\"><a href=\"http:\/\/www.bbf.bike\/#\/bikes\/e-bike\" target=\"_blank\" rel=\"noreferrer noopener\"><img loading=\"lazy\" decoding=\"async\" width=\"300\" height=\"273\" src=\"https:\/\/derfahrradfachmann.de\/wp-content\/uploads\/2018\/10\/BBF_Bikes_gr\u00fcn-schwarz-300x273.jpg\" alt=\"\" class=\"wp-image-245\" srcset=\"https:\/\/derfahrradfachmann.de\/wp-content\/uploads\/2018\/10\/BBF_Bikes_gr\u00fcn-schwarz-300x273.jpg 300w, https:\/\/derfahrradfachmann.de\/wp-content\/uploads\/2018\/10\/BBF_Bikes_gr\u00fcn-schwarz.jpg 522w\" sizes=\"auto, (max-width: 300px) 100vw, 300px\" \/><\/a><\/figure>\n\n\n\n<hr class=\"wp-block-separator has-alpha-channel-opacity is-style-wide\"\/>\n\n\n\n<p><\/p>\n\n\n\n<figure class=\"wp-block-image size-full\"><a href=\"https:\/\/www.winora.com\/de-de\/ebikes\/city\/\"><img loading=\"lazy\" decoding=\"async\" width=\"576\" height=\"118\" src=\"https:\/\/derfahrradfachmann.de\/wp-content\/uploads\/2024\/12\/wg-1.jpg\" alt=\"\" class=\"wp-image-666\" srcset=\"https:\/\/derfahrradfachmann.de\/wp-content\/uploads\/2024\/12\/wg-1.jpg 576w, https:\/\/derfahrradfachmann.de\/wp-content\/uploads\/2024\/12\/wg-1-300x61.jpg 300w, https:\/\/derfahrradfachmann.de\/wp-content\/uploads\/2024\/12\/wg-1-230x47.jpg 230w, https:\/\/derfahrradfachmann.de\/wp-content\/uploads\/2024\/12\/wg-1-350x72.jpg 350w, https:\/\/derfahrradfachmann.de\/wp-content\/uploads\/2024\/12\/wg-1-480x98.jpg 480w\" sizes=\"auto, (max-width: 576px) 100vw, 576px\" \/><\/a><\/figure>\n\n\n\n<p><\/p>\n","protected":false},"excerpt":{"rendered":"<p>Sie finden bei mir folgende bequeme, zuverl\u00e4ssige und ganzjahres-allwettertaugliche Cityr\u00e4der von hoher Qualit\u00e4t.<\/p>\n","protected":false},"author":1,"featured_media":0,"parent":0,"menu_order":0,"comment_status":"closed","ping_status":"closed","template":"","meta":{"footnotes":""},"class_list":["post-26","page","type-page","status-publish","hentry"],"_links":{"self":[{"href":"https:\/\/derfahrradfachmann.de\/index.php?rest_route=\/wp\/v2\/pages\/26","targetHints":{"allow":["GET"]}}],"collection":[{"href":"https:\/\/derfahrradfachmann.de\/index.php?rest_route=\/wp\/v2\/pages"}],"about":[{"href":"https:\/\/derfahrradfachmann.de\/index.php?rest_route=\/wp\/v2\/types\/page"}],"author":[{"embeddable":true,"href":"https:\/\/derfahrradfachmann.de\/index.php?rest_route=\/wp\/v2\/users\/1"}],"replies":[{"embeddable":true,"href":"https:\/\/derfahrradfachmann.de\/index.php?rest_route=%2Fwp%2Fv2%2Fcomments&post=26"}],"version-history":[{"count":21,"href":"https:\/\/derfahrradfachmann.de\/index.php?rest_route=\/wp\/v2\/pages\/26\/revisions"}],"predecessor-version":[{"id":719,"href":"https:\/\/derfahrradfachmann.de\/index.php?rest_route=\/wp\/v2\/pages\/26\/revisions\/719"}],"wp:attachment":[{"href":"https:\/\/derfahrradfachmann.de\/index.php?rest_route=%2Fwp%2Fv2%2Fmedia&parent=26"}],"curies":[{"name":"wp","href":"https:\/\/api.w.org\/{rel}","templated":true}]}}