{"id":66,"date":"2018-02-24T20:20:53","date_gmt":"2018-02-24T20:20:53","guid":{"rendered":"http:\/\/derfahrradfachmann.de\/?page_id=66"},"modified":"2026-03-03T16:35:30","modified_gmt":"2026-03-03T15:35:30","slug":"ueber-mich","status":"publish","type":"page","link":"https:\/\/derfahrradfachmann.de\/?page_id=66","title":{"rendered":"\u00dcber mich"},"content":{"rendered":"\n<p class=\"has-text-align-left\"><img loading=\"lazy\" decoding=\"async\" width=\"400\" height=\"400\" class=\"alignnone wp-image-134 size-thumbnail\" style=\"width: 400px;\" src=\"https:\/\/derfahrradfachmann.de\/wp-content\/uploads\/2018\/02\/Triatlon_Lohne-e1519577462277-150x150.jpg\" alt=\"\"> <\/p>\n\n\n\n<p class=\"has-text-align-left\">Mein Name ist Dominik Becker.<br>Ich bin Ihr Ansprechpartner f\u00fcr alle Fragen rund ums Fahrrad.<br>1990 hatte ich das Gl\u00fcck, mein Hobby zum Beruf zu machen und absolvierte eine Ausbildung zum Zweiradmechaniker. Schon damals sammelte ich Erfahrung beim Bau von individuellen Wunschfahrr\u00e4dern,<br>Inspektionen, Reparaturen&#8230;<br>Nach dem Besuch der Meisterschule gr\u00fcndete ich im Jahr 2000 mein Gesch\u00e4ft und bin seit dem f\u00fcr Sie da.<br><br>Als t\u00e4glicher Fahrradnutzer flie\u00dfen meine Erfahrungen in meine Produkte mit ein. Diese Erfahrungen werden durch die Betreuung einiger Ironman Triathleten und Downhill Mountainbiker noch erweitert.<br>Ich bin  Vertragsh\u00e4ndler verschiedener Qualit\u00e4tsmarkenr\u00e4der, wie z.B. Raymon, Winora, Haibike, Granville und BBF, um nur einige zu nennen. <\/p>\n\n\n\n<p class=\"has-text-align-left\">Ich w\u00fcnsche Ihnen viel Spa\u00df auf meiner Internetseite, die leider nur einen kleinen Teil meiner Produkte zeigt und w\u00fcrde mich freuen, wenn wir in Kontakt treten.<br><br>Ihr Fahrradfachmann Dominik Becker<br>Zweiradmechanikermeister und passionierter Radsportler<\/p>\n\n\n\n<p><\/p>\n","protected":false},"excerpt":{"rendered":"<p>Mein Name ist Dominik Becker.Ich bin Ihr Ansprechpartner f\u00fcr alle Fragen rund ums Fahrrad.1990 hatte ich das Gl\u00fcck, mein Hobby zum Beruf [&hellip;]<\/p>\n","protected":false},"author":1,"featured_media":0,"parent":0,"menu_order":0,"comment_status":"closed","ping_status":"closed","template":"","meta":{"footnotes":""},"class_list":["post-66","page","type-page","status-publish","hentry"],"_links":{"self":[{"href":"https:\/\/derfahrradfachmann.de\/index.php?rest_route=\/wp\/v2\/pages\/66","targetHints":{"allow":["GET"]}}],"collection":[{"href":"https:\/\/derfahrradfachmann.de\/index.php?rest_route=\/wp\/v2\/pages"}],"about":[{"href":"https:\/\/derfahrradfachmann.de\/index.php?rest_route=\/wp\/v2\/types\/page"}],"author":[{"embeddable":true,"href":"https:\/\/derfahrradfachmann.de\/index.php?rest_route=\/wp\/v2\/users\/1"}],"replies":[{"embeddable":true,"href":"https:\/\/derfahrradfachmann.de\/index.php?rest_route=%2Fwp%2Fv2%2Fcomments&post=66"}],"version-history":[{"count":8,"href":"https:\/\/derfahrradfachmann.de\/index.php?rest_route=\/wp\/v2\/pages\/66\/revisions"}],"predecessor-version":[{"id":727,"href":"https:\/\/derfahrradfachmann.de\/index.php?rest_route=\/wp\/v2\/pages\/66\/revisions\/727"}],"wp:attachment":[{"href":"https:\/\/derfahrradfachmann.de\/index.php?rest_route=%2Fwp%2Fv2%2Fmedia&parent=66"}],"curies":[{"name":"wp","href":"https:\/\/api.w.org\/{rel}","templated":true}]}}